{"id":586,"date":"2024-05-06T18:10:45","date_gmt":"2024-05-06T18:10:45","guid":{"rendered":"https:\/\/acrilicosacua.com.ar\/?post_type=product&#038;p=586"},"modified":"2024-05-07T16:47:55","modified_gmt":"2024-05-07T16:47:55","slug":"telas-encapsuladas","status":"publish","type":"product","link":"https:\/\/acrilicosacua.com.ar\/index.php\/product\/telas-encapsuladas\/","title":{"rendered":"Telas Encapsuladas"},"content":{"rendered":"","protected":false},"excerpt":{"rendered":"<p><strong>N O V E D A D<\/strong> &#8211; Con proceso de tejido incorporado en el interior de las placas acr\u00edlicas.<\/p>\n<p>Los dise\u00f1os son a elecci\u00f3n y gusto del cliente. (logos ,m\u00e1rmoles ,pieles ,vectorizados etc)<br \/>\nDimensiones 1900&#215;800 espesores en 2,4 y 3mm.<\/p>\n<p><a class=\"telas\" href=\"#wow-modal-id-1\">Hacer pedido<\/a><\/p>\n","protected":false},"featured_media":595,"comment_status":"closed","ping_status":"closed","template":"","meta":[],"product_cat":[27,15],"product_tag":[],"yoast_head":"<!-- This site is optimized with the Yoast SEO plugin v22.9 - https:\/\/yoast.com\/wordpress\/plugins\/seo\/ -->\n<title>Telas Encapsuladas - Acr\u00edlicos ACUA - Fabrica de acr\u00edlicos por colada<\/title>\n<meta name=\"robots\" content=\"index, follow, max-snippet:-1, max-image-preview:large, max-video-preview:-1\" \/>\n<link rel=\"canonical\" href=\"https:\/\/acrilicosacua.com.ar\/index.php\/product\/telas-encapsuladas\/\" \/>\n<meta property=\"og:locale\" content=\"es_ES\" \/>\n<meta property=\"og:type\" content=\"article\" \/>\n<meta property=\"og:title\" content=\"Telas Encapsuladas - Acr\u00edlicos ACUA - Fabrica de acr\u00edlicos por colada\" \/>\n<meta property=\"og:description\" content=\"N O V E D A D - Con proceso de tejido incorporado en el interior de las placas acr\u00edlicas.  Los dise\u00f1os son a elecci\u00f3n y gusto del cliente. (logos ,m\u00e1rmoles ,pieles ,vectorizados etc) Dimensiones 1900x800 espesores en 2,4 y 3mm.  Hacer pedido\" \/>\n<meta property=\"og:url\" content=\"https:\/\/acrilicosacua.com.ar\/index.php\/product\/telas-encapsuladas\/\" \/>\n<meta property=\"og:site_name\" content=\"Acr\u00edlicos ACUA - Fabrica de acr\u00edlicos por colada\" \/>\n<meta property=\"article:modified_time\" content=\"2024-05-07T16:47:55+00:00\" \/>\n<meta property=\"og:image\" content=\"https:\/\/acrilicosacua.com.ar\/wp-content\/uploads\/2024\/05\/Telas-1.jpg\" \/>\n\t<meta property=\"og:image:width\" content=\"400\" \/>\n\t<meta property=\"og:image:height\" content=\"300\" \/>\n\t<meta property=\"og:image:type\" content=\"image\/jpeg\" \/>\n<meta name=\"twitter:card\" content=\"summary_large_image\" \/>\n<script type=\"application\/ld+json\" class=\"yoast-schema-graph\">{\"@context\":\"https:\/\/schema.org\",\"@graph\":[{\"@type\":\"WebPage\",\"@id\":\"https:\/\/acrilicosacua.com.ar\/index.php\/product\/telas-encapsuladas\/\",\"url\":\"https:\/\/acrilicosacua.com.ar\/index.php\/product\/telas-encapsuladas\/\",\"name\":\"Telas Encapsuladas - Acr\u00edlicos ACUA - Fabrica de acr\u00edlicos por colada\",\"isPartOf\":{\"@id\":\"https:\/\/acrilicosacua.com.ar\/#website\"},\"primaryImageOfPage\":{\"@id\":\"https:\/\/acrilicosacua.com.ar\/index.php\/product\/telas-encapsuladas\/#primaryimage\"},\"image\":{\"@id\":\"https:\/\/acrilicosacua.com.ar\/index.php\/product\/telas-encapsuladas\/#primaryimage\"},\"thumbnailUrl\":\"https:\/\/acrilicosacua.com.ar\/wp-content\/uploads\/2024\/05\/Telas-1.jpg\",\"datePublished\":\"2024-05-06T18:10:45+00:00\",\"dateModified\":\"2024-05-07T16:47:55+00:00\",\"breadcrumb\":{\"@id\":\"https:\/\/acrilicosacua.com.ar\/index.php\/product\/telas-encapsuladas\/#breadcrumb\"},\"inLanguage\":\"es\",\"potentialAction\":[{\"@type\":\"ReadAction\",\"target\":[\"https:\/\/acrilicosacua.com.ar\/index.php\/product\/telas-encapsuladas\/\"]}]},{\"@type\":\"ImageObject\",\"inLanguage\":\"es\",\"@id\":\"https:\/\/acrilicosacua.com.ar\/index.php\/product\/telas-encapsuladas\/#primaryimage\",\"url\":\"https:\/\/acrilicosacua.com.ar\/wp-content\/uploads\/2024\/05\/Telas-1.jpg\",\"contentUrl\":\"https:\/\/acrilicosacua.com.ar\/wp-content\/uploads\/2024\/05\/Telas-1.jpg\",\"width\":400,\"height\":300},{\"@type\":\"BreadcrumbList\",\"@id\":\"https:\/\/acrilicosacua.com.ar\/index.php\/product\/telas-encapsuladas\/#breadcrumb\",\"itemListElement\":[{\"@type\":\"ListItem\",\"position\":1,\"name\":\"Portada\",\"item\":\"https:\/\/acrilicosacua.com.ar\/\"},{\"@type\":\"ListItem\",\"position\":2,\"name\":\"Productos\",\"item\":\"https:\/\/acrilicosacua.com.ar\/index.php\/shop\/\"},{\"@type\":\"ListItem\",\"position\":3,\"name\":\"Telas Encapsuladas\"}]},{\"@type\":\"WebSite\",\"@id\":\"https:\/\/acrilicosacua.com.ar\/#website\",\"url\":\"https:\/\/acrilicosacua.com.ar\/\",\"name\":\"Acr\u00edlicos ACUA - Fabrica de acr\u00edlicos por colada\",\"description\":\"\",\"publisher\":{\"@id\":\"https:\/\/acrilicosacua.com.ar\/#organization\"},\"potentialAction\":[{\"@type\":\"SearchAction\",\"target\":{\"@type\":\"EntryPoint\",\"urlTemplate\":\"https:\/\/acrilicosacua.com.ar\/?s={search_term_string}\"},\"query-input\":\"required name=search_term_string\"}],\"inLanguage\":\"es\"},{\"@type\":\"Organization\",\"@id\":\"https:\/\/acrilicosacua.com.ar\/#organization\",\"name\":\"Acr\u00edlicos ACUA - Fabrica de acr\u00edlicos por colada\",\"url\":\"https:\/\/acrilicosacua.com.ar\/\",\"logo\":{\"@type\":\"ImageObject\",\"inLanguage\":\"es\",\"@id\":\"https:\/\/acrilicosacua.com.ar\/#\/schema\/logo\/image\/\",\"url\":\"https:\/\/acrilicosacua.com.ar\/wp-content\/uploads\/2024\/04\/acuaLogo_200x65.png\",\"contentUrl\":\"https:\/\/acrilicosacua.com.ar\/wp-content\/uploads\/2024\/04\/acuaLogo_200x65.png\",\"width\":200,\"height\":65,\"caption\":\"Acr\u00edlicos ACUA - Fabrica de acr\u00edlicos por colada\"},\"image\":{\"@id\":\"https:\/\/acrilicosacua.com.ar\/#\/schema\/logo\/image\/\"}}]}<\/script>\n<!-- \/ Yoast SEO plugin. -->","yoast_head_json":{"title":"Telas Encapsuladas - Acr\u00edlicos ACUA - Fabrica de acr\u00edlicos por colada","robots":{"index":"index","follow":"follow","max-snippet":"max-snippet:-1","max-image-preview":"max-image-preview:large","max-video-preview":"max-video-preview:-1"},"canonical":"https:\/\/acrilicosacua.com.ar\/index.php\/product\/telas-encapsuladas\/","og_locale":"es_ES","og_type":"article","og_title":"Telas Encapsuladas - Acr\u00edlicos ACUA - Fabrica de acr\u00edlicos por colada","og_description":"N O V E D A D - Con proceso de tejido incorporado en el interior de las placas acr\u00edlicas.  Los dise\u00f1os son a elecci\u00f3n y gusto del cliente. (logos ,m\u00e1rmoles ,pieles ,vectorizados etc) Dimensiones 1900x800 espesores en 2,4 y 3mm.  Hacer pedido","og_url":"https:\/\/acrilicosacua.com.ar\/index.php\/product\/telas-encapsuladas\/","og_site_name":"Acr\u00edlicos ACUA - Fabrica de acr\u00edlicos por colada","article_modified_time":"2024-05-07T16:47:55+00:00","og_image":[{"width":400,"height":300,"url":"https:\/\/acrilicosacua.com.ar\/wp-content\/uploads\/2024\/05\/Telas-1.jpg","type":"image\/jpeg"}],"twitter_card":"summary_large_image","schema":{"@context":"https:\/\/schema.org","@graph":[{"@type":"WebPage","@id":"https:\/\/acrilicosacua.com.ar\/index.php\/product\/telas-encapsuladas\/","url":"https:\/\/acrilicosacua.com.ar\/index.php\/product\/telas-encapsuladas\/","name":"Telas Encapsuladas - Acr\u00edlicos ACUA - Fabrica de acr\u00edlicos por colada","isPartOf":{"@id":"https:\/\/acrilicosacua.com.ar\/#website"},"primaryImageOfPage":{"@id":"https:\/\/acrilicosacua.com.ar\/index.php\/product\/telas-encapsuladas\/#primaryimage"},"image":{"@id":"https:\/\/acrilicosacua.com.ar\/index.php\/product\/telas-encapsuladas\/#primaryimage"},"thumbnailUrl":"https:\/\/acrilicosacua.com.ar\/wp-content\/uploads\/2024\/05\/Telas-1.jpg","datePublished":"2024-05-06T18:10:45+00:00","dateModified":"2024-05-07T16:47:55+00:00","breadcrumb":{"@id":"https:\/\/acrilicosacua.com.ar\/index.php\/product\/telas-encapsuladas\/#breadcrumb"},"inLanguage":"es","potentialAction":[{"@type":"ReadAction","target":["https:\/\/acrilicosacua.com.ar\/index.php\/product\/telas-encapsuladas\/"]}]},{"@type":"ImageObject","inLanguage":"es","@id":"https:\/\/acrilicosacua.com.ar\/index.php\/product\/telas-encapsuladas\/#primaryimage","url":"https:\/\/acrilicosacua.com.ar\/wp-content\/uploads\/2024\/05\/Telas-1.jpg","contentUrl":"https:\/\/acrilicosacua.com.ar\/wp-content\/uploads\/2024\/05\/Telas-1.jpg","width":400,"height":300},{"@type":"BreadcrumbList","@id":"https:\/\/acrilicosacua.com.ar\/index.php\/product\/telas-encapsuladas\/#breadcrumb","itemListElement":[{"@type":"ListItem","position":1,"name":"Portada","item":"https:\/\/acrilicosacua.com.ar\/"},{"@type":"ListItem","position":2,"name":"Productos","item":"https:\/\/acrilicosacua.com.ar\/index.php\/shop\/"},{"@type":"ListItem","position":3,"name":"Telas Encapsuladas"}]},{"@type":"WebSite","@id":"https:\/\/acrilicosacua.com.ar\/#website","url":"https:\/\/acrilicosacua.com.ar\/","name":"Acr\u00edlicos ACUA - Fabrica de acr\u00edlicos por colada","description":"","publisher":{"@id":"https:\/\/acrilicosacua.com.ar\/#organization"},"potentialAction":[{"@type":"SearchAction","target":{"@type":"EntryPoint","urlTemplate":"https:\/\/acrilicosacua.com.ar\/?s={search_term_string}"},"query-input":"required name=search_term_string"}],"inLanguage":"es"},{"@type":"Organization","@id":"https:\/\/acrilicosacua.com.ar\/#organization","name":"Acr\u00edlicos ACUA - Fabrica de acr\u00edlicos por colada","url":"https:\/\/acrilicosacua.com.ar\/","logo":{"@type":"ImageObject","inLanguage":"es","@id":"https:\/\/acrilicosacua.com.ar\/#\/schema\/logo\/image\/","url":"https:\/\/acrilicosacua.com.ar\/wp-content\/uploads\/2024\/04\/acuaLogo_200x65.png","contentUrl":"https:\/\/acrilicosacua.com.ar\/wp-content\/uploads\/2024\/04\/acuaLogo_200x65.png","width":200,"height":65,"caption":"Acr\u00edlicos ACUA - Fabrica de acr\u00edlicos por colada"},"image":{"@id":"https:\/\/acrilicosacua.com.ar\/#\/schema\/logo\/image\/"}}]}},"_links":{"self":[{"href":"https:\/\/acrilicosacua.com.ar\/index.php\/wp-json\/wp\/v2\/product\/586"}],"collection":[{"href":"https:\/\/acrilicosacua.com.ar\/index.php\/wp-json\/wp\/v2\/product"}],"about":[{"href":"https:\/\/acrilicosacua.com.ar\/index.php\/wp-json\/wp\/v2\/types\/product"}],"replies":[{"embeddable":true,"href":"https:\/\/acrilicosacua.com.ar\/index.php\/wp-json\/wp\/v2\/comments?post=586"}],"wp:featuredmedia":[{"embeddable":true,"href":"https:\/\/acrilicosacua.com.ar\/index.php\/wp-json\/wp\/v2\/media\/595"}],"wp:attachment":[{"href":"https:\/\/acrilicosacua.com.ar\/index.php\/wp-json\/wp\/v2\/media?parent=586"}],"wp:term":[{"taxonomy":"product_cat","embeddable":true,"href":"https:\/\/acrilicosacua.com.ar\/index.php\/wp-json\/wp\/v2\/product_cat?post=586"},{"taxonomy":"product_tag","embeddable":true,"href":"https:\/\/acrilicosacua.com.ar\/index.php\/wp-json\/wp\/v2\/product_tag?post=586"}],"curies":[{"name":"wp","href":"https:\/\/api.w.org\/{rel}","templated":true}]}}